{"id":659,"date":"2021-08-26T20:35:06","date_gmt":"2021-08-26T18:35:06","guid":{"rendered":"http:\/\/millat.uw.edu.pl\/?page_id=659"},"modified":"2021-09-07T00:16:16","modified_gmt":"2021-09-06T22:16:16","slug":"poster-presentation","status":"publish","type":"page","link":"http:\/\/millat.uw.edu.pl\/pl\/poster-presentation\/","title":{"rendered":"Sesja plakatowa"},"content":{"rendered":"<table style=\"border-collapse: collapse;width: 71.0461%\">\n<tbody>\n<tr>\n<td style=\"width: 23.7813%\"><\/td>\n<td style=\"width: 3.22799%\"><strong>PDF<\/strong><\/td>\n<td style=\"width: 2.0751%\"><strong>PPTX<\/strong><\/td>\n<td style=\"width: 9.86358%\"><strong>MP3\/MP4\/Canva<\/strong><\/td>\n<\/tr>\n<tr>\n<td style=\"width: 23.7813%\">Tatiana Kleymenova<\/td>\n<td style=\"width: 3.22799%\"><a href=\"http:\/\/millat.uw.edu.pl\/wp-content\/uploads\/sites\/396\/2021\/09\/Mconference-Kleymenova.pdf\" target=\"_blank\" rel=\"noopener\">PDF<\/a><\/td>\n<td style=\"width: 2.0751%\">&#8211;<\/td>\n<td style=\"width: 9.86358%\"><a href=\"https:\/\/www.canva.com\/design\/DAElvhJDsyE\/S_pfrBovZAFclQx28gCjrA\/view?utm_content=DAElvhJDsyE&amp;utm_campaign=designshare&amp;utm_medium=link&amp;utm_source=recording_view\" target=\"_blank\" rel=\"noopener\">Link to the poster with audio<\/a><\/td>\n<\/tr>\n<tr>\n<td style=\"width: 23.7813%\">Micha\u0142 B. Paradowski<\/td>\n<td style=\"width: 3.22799%\">&#8211;<\/td>\n<td style=\"width: 2.0751%\">&#8211;<\/td>\n<td style=\"width: 9.86358%\"><a href=\"https:\/\/drive.google.com\/drive\/u\/3\/folders\/1HRid8-vgPqQgysZ2K8SeTWHWsHJigyBp\" target=\"_blank\" rel=\"noopener\">MP4<\/a><\/td>\n<\/tr>\n<tr>\n<td style=\"width: 23.7813%\">Ma\u0142gorzata \u015awierk, Sylwia Kossakowska-Pisarek<\/td>\n<td style=\"width: 3.22799%\">&#8211;<\/td>\n<td style=\"width: 2.0751%\">&#8211;<\/td>\n<td style=\"width: 9.86358%\"><a href=\"https:\/\/drive.google.com\/drive\/u\/3\/folders\/1rx-b0Z4rBZWdJCk4dEJ0q3q0n6YVo66D\" target=\"_blank\" rel=\"noopener\">MP4<\/a><\/td>\n<\/tr>\n<tr>\n<td style=\"width: 23.7813%\">Eva Braidwood<\/td>\n<td style=\"width: 3.22799%\"><a href=\"http:\/\/millat.uw.edu.pl\/wp-content\/uploads\/sites\/396\/2021\/09\/Mediation_Millat-conference-2021_EBraidwood_audio_final.pptx_.pdf\" target=\"_blank\" rel=\"noopener\">PDF<\/a><\/td>\n<td style=\"width: 2.0751%\"><a href=\"https:\/\/docs.google.com\/presentation\/d\/1dBwA8qfDoq9hdSNbp0418l34Xbe5TrsO\/edit#slide=id.p1\" target=\"_blank\" rel=\"noopener\">PPTX<\/a><\/td>\n<td style=\"width: 9.86358%\">&#8211;<\/td>\n<\/tr>\n<tr>\n<td style=\"width: 23.7813%\">Eliza Illukiewicz<\/td>\n<td style=\"width: 3.22799%\"><a href=\"http:\/\/millat.uw.edu.pl\/wp-content\/uploads\/sites\/396\/2021\/09\/Poster-UW_E.Illukiewicz.pdf\" target=\"_blank\" rel=\"noopener\">PDF<\/a><\/td>\n<td style=\"width: 2.0751%\">&#8211;<\/td>\n<td style=\"width: 9.86358%\"><a href=\"https:\/\/drive.google.com\/drive\/u\/3\/folders\/19AQ2jRBudrTFyGX6MVuieOoltj8VYeTU\" target=\"_blank\" rel=\"noopener\">MP3<\/a><\/td>\n<\/tr>\n<tr>\n<td style=\"width: 23.7813%\">Asta Bal\u010di\u016bnaitien\u0117<\/td>\n<td style=\"width: 3.22799%\"><a href=\"http:\/\/millat.uw.edu.pl\/wp-content\/uploads\/sites\/396\/2021\/09\/Asta-B.-Poster-Development-of-speaking-skills-using-innovative-strategies-DSM-in-EFL-classes.-9-Sep-2021.pptx_.pdf\" target=\"_blank\" rel=\"noopener\">PDF<\/a><\/td>\n<td style=\"width: 2.0751%\"><a href=\"https:\/\/docs.google.com\/presentation\/d\/1_JnJLI1LSfiDwzh5RW0gbk8llxUNumpS\/edit#slide=id.p1\" target=\"_blank\" rel=\"noopener\">PPTX<\/a><\/td>\n<td style=\"width: 9.86358%\">&#8211;<\/td>\n<\/tr>\n<\/tbody>\n<\/table>\n<p>&nbsp;<\/p>\n","protected":false},"excerpt":{"rendered":"<p>PDF PPTX MP3\/MP4\/Canva Tatiana Kleymenova PDF &#8211; Link to the poster with audio Micha\u0142 B. Paradowski &#8211; &#8211; MP4 Ma\u0142gorzata \u015awierk, Sylwia Kossakowska-Pisarek &#8211; &#8211; MP4 Eva Braidwood PDF PPTX &#8211; Eliza Illukiewicz PDF &#8211; MP3 Asta Bal\u010di\u016bnaitien\u0117 PDF PPTX &#8211; &nbsp;<\/p>\n","protected":false},"author":489,"featured_media":0,"parent":0,"menu_order":0,"comment_status":"closed","ping_status":"closed","template":"","meta":{"_mi_skip_tracking":false,"_links_to":"","_links_to_target":""},"acf":[],"_links":{"self":[{"href":"http:\/\/millat.uw.edu.pl\/pl\/wp-json\/wp\/v2\/pages\/659"}],"collection":[{"href":"http:\/\/millat.uw.edu.pl\/pl\/wp-json\/wp\/v2\/pages"}],"about":[{"href":"http:\/\/millat.uw.edu.pl\/pl\/wp-json\/wp\/v2\/types\/page"}],"author":[{"embeddable":true,"href":"http:\/\/millat.uw.edu.pl\/pl\/wp-json\/wp\/v2\/users\/489"}],"replies":[{"embeddable":true,"href":"http:\/\/millat.uw.edu.pl\/pl\/wp-json\/wp\/v2\/comments?post=659"}],"version-history":[{"count":5,"href":"http:\/\/millat.uw.edu.pl\/pl\/wp-json\/wp\/v2\/pages\/659\/revisions"}],"predecessor-version":[{"id":693,"href":"http:\/\/millat.uw.edu.pl\/pl\/wp-json\/wp\/v2\/pages\/659\/revisions\/693"}],"wp:attachment":[{"href":"http:\/\/millat.uw.edu.pl\/pl\/wp-json\/wp\/v2\/media?parent=659"}],"curies":[{"name":"wp","href":"https:\/\/api.w.org\/{rel}","templated":true}]}}