{"id":388,"date":"2020-11-18T18:06:35","date_gmt":"2020-11-18T17:06:35","guid":{"rendered":"http:\/\/millat.uw.edu.pl\/?page_id=388"},"modified":"2020-11-27T10:44:42","modified_gmt":"2020-11-27T09:44:42","slug":"training-sessions-and-workshops","status":"publish","type":"page","link":"http:\/\/millat.uw.edu.pl\/pl\/training-sessions-and-workshops\/","title":{"rendered":"SZKOLENIA I WARSZTATY"},"content":{"rendered":"<span style=\"font-weight: 400\">Partnerzy brali udzia\u0142 w r\u00f3\u017cnych szkoleniach, przyk\u0142adowo:<\/span><\/p>\n<ul>\n<li><span style=\"font-weight: 400\">\u00a0\u201cGetting to grips with teaching mediation\u201d, M. Brand, Pearson, 14 pa\u017adziernika 2020;\u00a0<\/span><\/li>\n<li><span style=\"font-weight: 400\">\u00a0\u201cHow to teach mediation online\u201d, Cinganotto, Pearson, 21 pa\u017adziernika 2020;\u00a0<\/span><\/li>\n<li><span style=\"font-weight: 400\">\u00a0\u201cHow to evaluate mediation\u201d by L. Cinganotto, Pearson, 28 pa\u017adziernika 2020.\u00a0\u00a0<\/span><\/li>\n<\/ul>\n<p><b>Uniwersytet Witolda Wielkiego w Kownie. Szkolenia wewn\u0119trzne:\u00a0<\/b><\/p>\n<ul>\n<li><span style=\"font-weight: 400\">\u201cDistant language teaching\u201d Z. Tamasaukaite, 7 stycznia 2020;\u00a0<\/span><\/li>\n<li><span style=\"font-weight: 400\">Discussion on opportunities and challenges of online language teaching with language teachers, 23 stycze\u0144 2020;\u00a0<\/span><\/li>\n<li><span style=\"font-weight: 400\">\u201dMediation in Common European Language Framework\u201d, N. Macianskiene, 25 lutego 2020;\u00a0<\/span><\/li>\n<li><span style=\"font-weight: 400\">\u201cCreating interactive tests in Moodle. Part I\u201d, Z. Tamasaukaite, 25 marca 2020;\u00a0<\/span><\/li>\n<li><span style=\"font-weight: 400\">\u201cCreating interactive tests in Moodle. Part II\u201d, Z. Tamasaukaite, 27 marca 2020;\u00a0<\/span><\/li>\n<li><span style=\"font-weight: 400\">\u201cUsing video conference rooms for language teaching\u201d, D. Pundziuviene, 31 marca 2020;\u00a0<\/span><\/li>\n<li><span style=\"font-weight: 400\">\u201cMediation strategies in online language teaching\u201d, discussion with language teachers,\u00a0<\/span><\/li>\n<li><span style=\"font-weight: 400\">2 pa\u017adziernika 2020;\u00a0<\/span><\/li>\n<li><span style=\"font-weight: 400\">\u201cUsing Moodle interactive tools in language teaching\u201d, Z. Tamasaukaite,\u00a0<\/span><\/li>\n<li><span style=\"font-weight: 400\">12 pa\u017adziernika 2020.\u00a0<\/span><\/li>\n<li><span style=\"font-weight: 400\">\u201cHow to prepare online language tests\u201d, Institute of Innovative Studies, 11 listopada 2020<\/span><\/li>\n<\/ul>\n<p><b>Uniwersytet Warszawski. Szkolenia wewn\u0119trzne:\u00a0<\/b><\/p>\n<ul>\n<li><span style=\"font-weight: 400\">\u201cHow to use Google Forms in Online Teaching\u201d, B. Jurczak, 12 marca 2020.;\u00a0<\/span><\/li>\n<li><span style=\"font-weight: 400\">\u201cHow to Use Google Classroom in Online Teaching\u201d, M. Nowak,1 kwietnia, 2020\u00a0<\/span><\/li>\n<li><span style=\"font-weight: 400\">\u201cStrategies of Online Teaching\u201d, M. Nowak, 9 wrze\u015bnia 2020; <\/span><\/li>\n<li>\u201cHow to Use Zoom Platform to Teach a Foreign Language\u201d, K. Ma\u0142owiecka, 8 wrze\u015bnia 2020;<\/li>\n<li>\u201cHow to Connect Teaching on Moodle Platform with Synchronous Teaching\u201d,<\/li>\n<li>Kossakowska-Pisarek,11 wrzesie\u0144 2020;<\/li>\n<li>\u201cNew Moodle\u201d, S. Twardo, 22 wrzesie\u0144 2020.<\/li>\n<\/ul>\n<p><b>Uniwersytet Karola. Szkolenia wewn\u0119trzne:\u00a0<\/b><\/p>\n<ul>\n<li><span style=\"font-weight: 400\">\u201cMediation and Formative Assessment in Classroom Practice\u201d J. Majerova (8 sesji), 28 stycznia 2020;\u00a0<\/span><\/li>\n<li><span style=\"font-weight: 400\">\u201cInternal Online Time Management Course\u201d, M. Doubravov\u00e1, 21 pa\u017adziernika 2020;\u00a0<\/span><\/li>\n<li><span style=\"font-weight: 400\">\u00a0<\/span><span style=\"font-weight: 400\">\u201cLecturing Skills\u201d\/\u201eSztuka wyk\u0142adu\u201d;\u00a0 seria warsztat\u00f3w online; wyk\u0142ady online \u2013 nowe wyzwania, mocne i s\u0142abe strony wyk\u0142adowcy, r\u00f3\u017cne rodzaje osobowo\u015bci wyk\u0142adowc\u00f3w, komunikacja ze studentami, aktywowanie student\u00f3w i wzmacnianie proces\u00f3w zapami\u0119tywania, przygotowanie zaj\u0119\u0107 z j\u0119zyka online, narz\u0119dzia internetowe w nauczaniu, rozwi\u0105zywanie konflikt\u00f3w i sytuacji trudnych, typy komunikacji i higiena g\u0142osu. Warsztaty przygotowane i przeprowadzone przez Wydzia\u0142 Edukacji, obejmuj\u0105ce 7 spotka\u0144, z kt\u00f3rych ka\u017cde trwa\u0142o 3 godziny. Terminy spotka\u0144: 14 pa\u017adziernika 2020, 21 pa\u017adziernika 2020, 4 listopada 2020,11 listopada 2020, 18 listopada 2020, 25 listopada 2020, 2 grudnia 2020.<\/span><\/li>\n<\/ul>","protected":false},"excerpt":{"rendered":"<p>Partnerzy brali udzia\u0142 w r\u00f3\u017cnych szkoleniach, przyk\u0142adowo: \u00a0\u201cGetting to grips with teaching mediation\u201d, M. Brand, Pearson, 14 pa\u017adziernika 2020;\u00a0 \u00a0\u201cHow to teach mediation online\u201d, Cinganotto, Pearson, 21 pa\u017adziernika 2020;\u00a0 \u00a0\u201cHow to evaluate mediation\u201d by L. Cinganotto, Pearson, 28 pa\u017adziernika 2020.\u00a0\u00a0 Uniwersytet Witolda Wielkiego w Kownie. Szkolenia wewn\u0119trzne:\u00a0 \u201cDistant language teaching\u201d Z. Tamasaukaite, 7 stycznia 2020;\u00a0\u2026 <span class=\"read-more\"><a href=\"http:\/\/millat.uw.edu.pl\/pl\/training-sessions-and-workshops\/\">Czytaj dalej &raquo;<\/a><\/span><\/p>\n","protected":false},"author":489,"featured_media":0,"parent":0,"menu_order":0,"comment_status":"closed","ping_status":"closed","template":"","meta":{"_mi_skip_tracking":false,"_links_to":"","_links_to_target":""},"acf":[],"_links":{"self":[{"href":"http:\/\/millat.uw.edu.pl\/pl\/wp-json\/wp\/v2\/pages\/388"}],"collection":[{"href":"http:\/\/millat.uw.edu.pl\/pl\/wp-json\/wp\/v2\/pages"}],"about":[{"href":"http:\/\/millat.uw.edu.pl\/pl\/wp-json\/wp\/v2\/types\/page"}],"author":[{"embeddable":true,"href":"http:\/\/millat.uw.edu.pl\/pl\/wp-json\/wp\/v2\/users\/489"}],"replies":[{"embeddable":true,"href":"http:\/\/millat.uw.edu.pl\/pl\/wp-json\/wp\/v2\/comments?post=388"}],"version-history":[{"count":3,"href":"http:\/\/millat.uw.edu.pl\/pl\/wp-json\/wp\/v2\/pages\/388\/revisions"}],"predecessor-version":[{"id":431,"href":"http:\/\/millat.uw.edu.pl\/pl\/wp-json\/wp\/v2\/pages\/388\/revisions\/431"}],"wp:attachment":[{"href":"http:\/\/millat.uw.edu.pl\/pl\/wp-json\/wp\/v2\/media?parent=388"}],"curies":[{"name":"wp","href":"https:\/\/api.w.org\/{rel}","templated":true}]}}