{"id":358,"date":"2020-11-17T22:24:14","date_gmt":"2020-11-17T21:24:14","guid":{"rendered":"http:\/\/millat.uw.edu.pl\/?page_id=358"},"modified":"2021-07-09T19:00:43","modified_gmt":"2021-07-09T17:00:43","slug":"important-dates","status":"publish","type":"page","link":"http:\/\/millat.uw.edu.pl\/pl\/important-dates\/","title":{"rendered":"WA\u017bNE TERMINY"},"content":{"rendered":"&nbsp;<\/p>\n<table style=\"width: 90.1211%\">\n<tbody>\n<tr>\n<td style=\"width: 44.9664%\"><strong>Nazwa konferencji<\/strong><\/td>\n<td style=\"width: 53.9597%\">Pierwsza Mi\u0119dzynarodowa Konferencja MiLLaT\u00a0\u201eMediacja w procesie nauczania i uczenia si\u0119\u201d<\/td>\n<\/tr>\n<tr>\n<td style=\"width: 44.9664%\"><strong>Data konferencji<\/strong><\/td>\n<td style=\"width: 53.9597%\">9 wrze\u015bnia 2021<\/td>\n<\/tr>\n<tr>\n<td style=\"width: 44.9664%\"><strong>Zg\u0142oszenia temat\u00f3w i abstrakt\u00f3w wyst\u0105pie\u0144<\/strong><\/td>\n<td style=\"width: 53.9597%\">29 marca 2021 &#8211; 30 czerwca 2021<\/td>\n<\/tr>\n<tr>\n<td style=\"width: 44.9664%\"><strong>Potwierdzenie akceptacji referat\u00f3w<\/strong><\/td>\n<td style=\"width: 53.9597%\">15 lipca 2021<\/td>\n<\/tr>\n<tr>\n<td style=\"width: 44.9664%\"><strong>Rejestracja uczestnictwa w konferencji<\/strong><\/td>\n<td style=\"width: 53.9597%\">9 kwietnia 2021 &#8211; 31 sierpnia 2021<\/td>\n<\/tr>\n<tr>\n<td style=\"width: 44.9664%\"><strong>Miejsce konferencji<\/strong><\/td>\n<td style=\"width: 53.9597%\">Uniwersytet Warszawski, Warszawa, Polska (online)<\/td>\n<\/tr>\n<\/tbody>\n<\/table>\n<p>&nbsp;","protected":false},"excerpt":{"rendered":"<p>&nbsp; Nazwa konferencji Pierwsza Mi\u0119dzynarodowa Konferencja MiLLaT\u00a0\u201eMediacja w procesie nauczania i uczenia si\u0119\u201d Data konferencji 9 wrze\u015bnia 2021 Zg\u0142oszenia temat\u00f3w i abstrakt\u00f3w wyst\u0105pie\u0144 29 marca 2021 &#8211; 30 czerwca 2021 Potwierdzenie akceptacji referat\u00f3w 15 lipca 2021 Rejestracja uczestnictwa w konferencji 9 kwietnia 2021 &#8211; 31 sierpnia 2021 Miejsce konferencji Uniwersytet Warszawski, Warszawa, Polska (online) &nbsp;<\/p>\n","protected":false},"author":489,"featured_media":0,"parent":0,"menu_order":0,"comment_status":"closed","ping_status":"closed","template":"","meta":{"_mi_skip_tracking":false,"_links_to":"","_links_to_target":""},"acf":[],"_links":{"self":[{"href":"http:\/\/millat.uw.edu.pl\/pl\/wp-json\/wp\/v2\/pages\/358"}],"collection":[{"href":"http:\/\/millat.uw.edu.pl\/pl\/wp-json\/wp\/v2\/pages"}],"about":[{"href":"http:\/\/millat.uw.edu.pl\/pl\/wp-json\/wp\/v2\/types\/page"}],"author":[{"embeddable":true,"href":"http:\/\/millat.uw.edu.pl\/pl\/wp-json\/wp\/v2\/users\/489"}],"replies":[{"embeddable":true,"href":"http:\/\/millat.uw.edu.pl\/pl\/wp-json\/wp\/v2\/comments?post=358"}],"version-history":[{"count":13,"href":"http:\/\/millat.uw.edu.pl\/pl\/wp-json\/wp\/v2\/pages\/358\/revisions"}],"predecessor-version":[{"id":626,"href":"http:\/\/millat.uw.edu.pl\/pl\/wp-json\/wp\/v2\/pages\/358\/revisions\/626"}],"wp:attachment":[{"href":"http:\/\/millat.uw.edu.pl\/pl\/wp-json\/wp\/v2\/media?parent=358"}],"curies":[{"name":"wp","href":"https:\/\/api.w.org\/{rel}","templated":true}]}}