{"id":355,"date":"2020-11-17T22:23:52","date_gmt":"2020-11-17T21:23:52","guid":{"rendered":"http:\/\/millat.uw.edu.pl\/?page_id=355"},"modified":"2021-07-19T17:26:08","modified_gmt":"2021-07-19T15:26:08","slug":"registration-form","status":"publish","type":"page","link":"http:\/\/millat.uw.edu.pl\/pl\/registration-form\/","title":{"rendered":"FORMULARZ REJESTRACYJNY"},"content":{"rendered":"Serdecznie zapraszamy Pa\u0144stwa do rejestracji uczestnictwa w Konferencji\u00a0MiLLaT \u2018Mediacja w procesie nauczania i uczenia si\u0119 j\u0119zyk\u00f3w obcych\u2019\u00a0w\u00a0charakterze s\u0142uchacza. <a href=\"https:\/\/forms.gle\/otMDLUhLP9SjXGWe6\" target=\"_blank\" rel=\"noopener\" data-saferedirecturl=\"https:\/\/www.google.com\/url?q=https:\/\/forms.gle\/otMDLUhLP9SjXGWe6&amp;source=gmail&amp;ust=1626792440863000&amp;usg=AFQjCNE9Vx6W3LZb5TdWHUZQElbN60TyuQ\">FORMULARZ REJESTRACYJNY<\/a>\u00a0jest otwarty do 31 sierpnia 2021 r.\u00a0Liczba miejsc jest ograniczona.<\/p>\n<p><span style=\"font-weight: 400\">W razie wszelkich pyta\u0144 i w\u0105tpliwo\u015bci jeste\u015bmy do Pa\u0144stwa dyspozycji: <\/span><a href=\"mailto:millat.conference@uw.edu.pl\"><span style=\"font-weight: 400\">millat.conference@uw.edu.p<\/span><\/a><span style=\"font-weight: 400\">l<\/span>","protected":false},"excerpt":{"rendered":"<p>Serdecznie zapraszamy Pa\u0144stwa do rejestracji uczestnictwa w Konferencji\u00a0MiLLaT \u2018Mediacja w procesie nauczania i uczenia si\u0119 j\u0119zyk\u00f3w obcych\u2019\u00a0w\u00a0charakterze s\u0142uchacza. FORMULARZ REJESTRACYJNY\u00a0jest otwarty do 31 sierpnia 2021 r.\u00a0Liczba miejsc jest ograniczona. W razie wszelkich pyta\u0144 i w\u0105tpliwo\u015bci jeste\u015bmy do Pa\u0144stwa dyspozycji: millat.conference@uw.edu.pl<\/p>\n","protected":false},"author":489,"featured_media":0,"parent":0,"menu_order":0,"comment_status":"closed","ping_status":"closed","template":"","meta":{"_mi_skip_tracking":false,"_links_to":"","_links_to_target":""},"acf":[],"_links":{"self":[{"href":"http:\/\/millat.uw.edu.pl\/pl\/wp-json\/wp\/v2\/pages\/355"}],"collection":[{"href":"http:\/\/millat.uw.edu.pl\/pl\/wp-json\/wp\/v2\/pages"}],"about":[{"href":"http:\/\/millat.uw.edu.pl\/pl\/wp-json\/wp\/v2\/types\/page"}],"author":[{"embeddable":true,"href":"http:\/\/millat.uw.edu.pl\/pl\/wp-json\/wp\/v2\/users\/489"}],"replies":[{"embeddable":true,"href":"http:\/\/millat.uw.edu.pl\/pl\/wp-json\/wp\/v2\/comments?post=355"}],"version-history":[{"count":6,"href":"http:\/\/millat.uw.edu.pl\/pl\/wp-json\/wp\/v2\/pages\/355\/revisions"}],"predecessor-version":[{"id":639,"href":"http:\/\/millat.uw.edu.pl\/pl\/wp-json\/wp\/v2\/pages\/355\/revisions\/639"}],"wp:attachment":[{"href":"http:\/\/millat.uw.edu.pl\/pl\/wp-json\/wp\/v2\/media?parent=355"}],"curies":[{"name":"wp","href":"https:\/\/api.w.org\/{rel}","templated":true}]}}