{"id":351,"date":"2020-11-17T22:23:23","date_gmt":"2020-11-17T21:23:23","guid":{"rendered":"http:\/\/millat.uw.edu.pl\/?page_id=351"},"modified":"2021-03-31T13:14:51","modified_gmt":"2021-03-31T11:14:51","slug":"abstract-submission-form","status":"publish","type":"page","link":"http:\/\/millat.uw.edu.pl\/pl\/abstract-submission-form\/","title":{"rendered":"ZG\u0141ASZANIE ABSTRAKTU"},"content":{"rendered":"<b>Zasady zg\u0142aszania abstrakt\u00f3w<\/b><\/p>\n<p style=\"text-align: justify\"><b>W ramach konferencji przewidziano nast\u0119puj\u0105ce formy aktywnego uczestnictwa: referaty indywidualne, prezentacje plakatowe oraz warsztaty.\u00a0<\/b><\/p>\n<p style=\"text-align: justify\"><b>Referaty indywidualne<\/b><\/p>\n<p style=\"text-align: justify\"><span style=\"font-weight: 400\">Na wyg\u0142oszenie indywidualnego referatu przewiduje si\u0119 30 minut (20 minut prezentacja, 10 minut pytania i dyskusja). Nades\u0142ane materia\u0142y powinny zawiera\u0107 tytu\u0142 (maksymalnie 15 s\u0142\u00f3w), streszczenie (maksymalnie 300 s\u0142\u00f3w, nie wliczaj\u0105c bibliografii) oraz kr\u00f3tka notk\u0119 biograficzn\u0105 do programu konferencji (maksymalnie 100 s\u0142\u00f3w).<\/span><\/p>\n<p style=\"text-align: justify\"><b>Prezentacje plakatowe<\/b><\/p>\n<p style=\"text-align: justify\"><span style=\"font-weight: 400\">Prezentacje plakatowe maj\u0105 na celu om\u00f3wienie dobrych praktyk. Na prezentacj\u0119 plakatow\u0105 przewiduje si\u0119 30 minut, przy czym czas ten przeznaczony jest na sesj\u0119 pyta\u0144 i odpowiedzi, w zwi\u0105zku z tym prelegenci powinni by\u0107 obecni w trakcie trwania ca\u0142ej sesji. Plakaty zostan\u0105 udost\u0119pnione uczestnikom konferencji przed rozpocz\u0119ciem panelu. Nades\u0142ane materia\u0142y powinny zawiera\u0107 tytu\u0142 (maksymalnie 15 s\u0142\u00f3w), streszczenie (maksymalnie 300 s\u0142\u00f3w, nie wliczaj\u0105c bibliografii) oraz kr\u00f3tk\u0105 notk\u0119 biograficzn\u0105 do programu konferencji (maksymalnie 100 s\u0142\u00f3w).<\/span><\/p>\n<p style=\"text-align: justify\"><b>Warsztaty<\/b><\/p>\n<p style=\"text-align: justify\"><span style=\"font-weight: 400\">Na przeprowadzenie interaktywnego warsztatu przewiduje si\u0119 45 minut (40 minut warsztat oraz 5 minut pytania). Nades\u0142ane materia\u0142y powinny zawiera\u0107 tytu\u0142 (maksymalnie 15 s\u0142\u00f3w), streszczenie (maksymalnie 300 s\u0142\u00f3w), wraz z jasnym opisem zada\u0144, w kt\u00f3rych wezm\u0105 udzia\u0142 uczestnicy, oraz\u00a0 kr\u00f3tka notk\u0119 biograficzn\u0105 do programu konferencji (maksymalnie 100 s\u0142\u00f3w).<\/span><\/p>\n<p style=\"text-align: justify\"><b>Serdecznie zapraszamy Pa\u0144stwa do nadsy\u0142ania zg\u0142osze\u0144 abstrakt\u00f3w wyst\u0105pie\u0144 wy\u0142\u0105cznie poprzez poni\u017cszy <\/b><a href=\"https:\/\/forms.gle\/VY5THscGsYqZGyZe8\" target=\"_blank\" rel=\"noopener\"><b>FORMULARZ ZG\u0141OSZENIOWY<\/b><\/a><b>.\u00a0<\/b><\/p>\n<p>Termin zg\u0142aszania abstrakt\u00f3w wyst\u0105pie\u0144:<b> do 30 czerwca 2021<\/b><\/p>\n<p>Potwierdzenie akceptacji uczestnictwa:<b> 15 lipca 2021<\/b>","protected":false},"excerpt":{"rendered":"<p>Zasady zg\u0142aszania abstrakt\u00f3w W ramach konferencji przewidziano nast\u0119puj\u0105ce formy aktywnego uczestnictwa: referaty indywidualne, prezentacje plakatowe oraz warsztaty.\u00a0 Referaty indywidualne Na wyg\u0142oszenie indywidualnego referatu przewiduje si\u0119 30 minut (20 minut prezentacja, 10 minut pytania i dyskusja). Nades\u0142ane materia\u0142y powinny zawiera\u0107 tytu\u0142 (maksymalnie 15 s\u0142\u00f3w), streszczenie (maksymalnie 300 s\u0142\u00f3w, nie wliczaj\u0105c bibliografii) oraz kr\u00f3tka notk\u0119 biograficzn\u0105 do\u2026 <span class=\"read-more\"><a href=\"http:\/\/millat.uw.edu.pl\/pl\/abstract-submission-form\/\">Czytaj dalej &raquo;<\/a><\/span><\/p>\n","protected":false},"author":489,"featured_media":0,"parent":0,"menu_order":0,"comment_status":"closed","ping_status":"closed","template":"","meta":{"_mi_skip_tracking":false,"_links_to":"","_links_to_target":""},"acf":[],"_links":{"self":[{"href":"http:\/\/millat.uw.edu.pl\/pl\/wp-json\/wp\/v2\/pages\/351"}],"collection":[{"href":"http:\/\/millat.uw.edu.pl\/pl\/wp-json\/wp\/v2\/pages"}],"about":[{"href":"http:\/\/millat.uw.edu.pl\/pl\/wp-json\/wp\/v2\/types\/page"}],"author":[{"embeddable":true,"href":"http:\/\/millat.uw.edu.pl\/pl\/wp-json\/wp\/v2\/users\/489"}],"replies":[{"embeddable":true,"href":"http:\/\/millat.uw.edu.pl\/pl\/wp-json\/wp\/v2\/comments?post=351"}],"version-history":[{"count":5,"href":"http:\/\/millat.uw.edu.pl\/pl\/wp-json\/wp\/v2\/pages\/351\/revisions"}],"predecessor-version":[{"id":501,"href":"http:\/\/millat.uw.edu.pl\/pl\/wp-json\/wp\/v2\/pages\/351\/revisions\/501"}],"wp:attachment":[{"href":"http:\/\/millat.uw.edu.pl\/pl\/wp-json\/wp\/v2\/media?parent=351"}],"curies":[{"name":"wp","href":"https:\/\/api.w.org\/{rel}","templated":true}]}}