{"id":349,"date":"2020-11-17T22:23:07","date_gmt":"2020-11-17T21:23:07","guid":{"rendered":"http:\/\/millat.uw.edu.pl\/?page_id=349"},"modified":"2021-09-08T11:50:21","modified_gmt":"2021-09-08T09:50:21","slug":"conference-programme","status":"publish","type":"page","link":"http:\/\/millat.uw.edu.pl\/pl\/conference-programme\/","title":{"rendered":"PROGRAM KONFERENCJI"},"content":{"rendered":"Program Konferencji MiLLaT 'Mediacja w procesie nauczania i uczenia si\u0119 j\u0119zyk\u00f3w obcych&#8221; jest ju\u017c dost\u0119pny! (<a href=\"http:\/\/millat.uw.edu.pl\/wp-content\/uploads\/sites\/396\/2021\/09\/FINAL-POLISH-MILLAT-Konferencja-Program-09.09-1.pdf\" target=\"_blank\" rel=\"noopener\">PDF PL<\/a> | <a href=\"http:\/\/millat.uw.edu.pl\/wp-content\/uploads\/sites\/396\/2021\/09\/FINAL-ENGLISH-MILLAT-CONFERENCE-PROGRAMME-09.09.pdf\" target=\"_blank\" rel=\"noopener\">PDF EN<\/a>)","protected":false},"excerpt":{"rendered":"<p>Program Konferencji MiLLaT 'Mediacja w procesie nauczania i uczenia si\u0119 j\u0119zyk\u00f3w obcych&#8221; jest ju\u017c dost\u0119pny! (PDF PL | PDF EN)<\/p>\n","protected":false},"author":489,"featured_media":0,"parent":0,"menu_order":0,"comment_status":"closed","ping_status":"closed","template":"","meta":{"_mi_skip_tracking":false,"_links_to":"","_links_to_target":""},"acf":[],"_links":{"self":[{"href":"http:\/\/millat.uw.edu.pl\/pl\/wp-json\/wp\/v2\/pages\/349"}],"collection":[{"href":"http:\/\/millat.uw.edu.pl\/pl\/wp-json\/wp\/v2\/pages"}],"about":[{"href":"http:\/\/millat.uw.edu.pl\/pl\/wp-json\/wp\/v2\/types\/page"}],"author":[{"embeddable":true,"href":"http:\/\/millat.uw.edu.pl\/pl\/wp-json\/wp\/v2\/users\/489"}],"replies":[{"embeddable":true,"href":"http:\/\/millat.uw.edu.pl\/pl\/wp-json\/wp\/v2\/comments?post=349"}],"version-history":[{"count":10,"href":"http:\/\/millat.uw.edu.pl\/pl\/wp-json\/wp\/v2\/pages\/349\/revisions"}],"predecessor-version":[{"id":699,"href":"http:\/\/millat.uw.edu.pl\/pl\/wp-json\/wp\/v2\/pages\/349\/revisions\/699"}],"wp:attachment":[{"href":"http:\/\/millat.uw.edu.pl\/pl\/wp-json\/wp\/v2\/media?parent=349"}],"curies":[{"name":"wp","href":"https:\/\/api.w.org\/{rel}","templated":true}]}}