{"id":158,"date":"2020-02-26T00:08:21","date_gmt":"2020-02-25T23:08:21","guid":{"rendered":"http:\/\/millat.uw.edu.pl\/?page_id=158"},"modified":"2023-03-13T16:05:41","modified_gmt":"2023-03-13T15:05:41","slug":"polski-aktualnosci","status":"publish","type":"page","link":"http:\/\/millat.uw.edu.pl\/pl\/","title":{"rendered":"Aktualno\u015bci"},"content":{"rendered":"<p><img loading=\"lazy\" src=\"http:\/\/millat.uw.edu.pl\/wp-content\/uploads\/sites\/396\/2019\/11\/erasmus-300x62.jpg\" alt=\"\" width=\"300\" height=\"62\" \/><\/p>\n<div>The MiLLaT Conference \u2018Mediation in Language Learning and Teaching\u2019 Programme is ready! (<a href=\"http:\/\/millat.uw.edu.pl\/wp-content\/uploads\/sites\/396\/2021\/09\/FINAL-POLISH-MILLAT-Konferencja-Program-09.09-1.pdf\" target=\"_blank\" rel=\"noopener\">PDF PL<\/a> | <a href=\"http:\/\/millat.uw.edu.pl\/wp-content\/uploads\/sites\/396\/2021\/09\/FINAL-ENGLISH-MILLAT-CONFERENCE-PROGRAMME-09.09.pdf\" target=\"_blank\" rel=\"noopener\">PDF EN<\/a>)<\/div>\n<div>\n<hr \/>\n<\/div>\n<div>Our conference will be held under the honorary patronage of the Polish Association of Modern Languages (PTN).<\/div>\n<div><a href=\"http:\/\/www.poltowneo.org\/\" target=\"_blank\" rel=\"noopener\"><img loading=\"lazy\" class=\"wp-image-613 aligncenter\" src=\"http:\/\/millat.uw.edu.pl\/wp-content\/uploads\/sites\/396\/2021\/06\/logo-PTN.png\" alt=\"\" width=\"218\" height=\"125\" \/><\/a><\/div>\n<div><span lang=\"EN-US\">Additionally, the conference will be held under the honorary patronage of the European Language Council.<\/span><\/div>\n<div><img loading=\"lazy\" class=\"alignnone size-full wp-image-612 aligncenter\" src=\"http:\/\/millat.uw.edu.pl\/wp-content\/uploads\/sites\/396\/2021\/06\/elc_logo.gif\" alt=\"\" width=\"45\" height=\"53\" \/><\/div>\n<div>\n<hr \/>\n<\/div>\n<p style=\"text-align: left\">The Lithuanian MiLLat team delivered a poster presentation entitled \u2018The Role of Linguistic and Cultural Mediation in Learning the Host Country\u2019s Language\u2019 at an online international conference Sustainable Multilingualism 2021 on 4-5 June 2021. The authors of the poster: Almant\u0117 Me\u0161kauskien\u0117, Daiva Pundziuvien\u0117, J\u016brat\u0117 Matulionien\u0117 and Teres\u0117 Ringailien\u0117. You can find the poster here.<\/p>\n<p style=\"text-align: left\">A member of the Lithuanian MiLLat team, Rima Sabaliauskien\u0117, delivered a presentation entitled \u2018The Application of Mediation Activities in Learning \/ Teaching Languages at A1\/A2 levels\u2019 at an online international conference Sustainable Multilingualism 2021 on 4 June 2021.<\/p>\n<p><img loading=\"lazy\" class=\" wp-image-596 aligncenter\" src=\"http:\/\/millat.uw.edu.pl\/wp-content\/uploads\/sites\/396\/2021\/06\/Rima-Sabaliauskiene-1.jpg\" alt=\"\" width=\"463\" height=\"258\" srcset=\"http:\/\/millat.uw.edu.pl\/wp-content\/uploads\/sites\/396\/2021\/06\/Rima-Sabaliauskiene-1.jpg 875w, http:\/\/millat.uw.edu.pl\/wp-content\/uploads\/sites\/396\/2021\/06\/Rima-Sabaliauskiene-1-300x167.jpg 300w, http:\/\/millat.uw.edu.pl\/wp-content\/uploads\/sites\/396\/2021\/06\/Rima-Sabaliauskiene-1-768x428.jpg 768w, http:\/\/millat.uw.edu.pl\/wp-content\/uploads\/sites\/396\/2021\/06\/Rima-Sabaliauskiene-1-660x368.jpg 660w\" sizes=\"(max-width: 463px) 100vw, 463px\" \/><\/p>\n<p><img loading=\"lazy\" class=\"wp-image-597 aligncenter\" src=\"http:\/\/millat.uw.edu.pl\/wp-content\/uploads\/sites\/396\/2021\/06\/Pundziuviene_Ringailiene_Meskauskiene_Matulioniene.png\" alt=\"\" width=\"462\" height=\"347\" srcset=\"http:\/\/millat.uw.edu.pl\/wp-content\/uploads\/sites\/396\/2021\/06\/Pundziuviene_Ringailiene_Meskauskiene_Matulioniene.png 960w, http:\/\/millat.uw.edu.pl\/wp-content\/uploads\/sites\/396\/2021\/06\/Pundziuviene_Ringailiene_Meskauskiene_Matulioniene-300x225.png 300w, http:\/\/millat.uw.edu.pl\/wp-content\/uploads\/sites\/396\/2021\/06\/Pundziuviene_Ringailiene_Meskauskiene_Matulioniene-768x576.png 768w, http:\/\/millat.uw.edu.pl\/wp-content\/uploads\/sites\/396\/2021\/06\/Pundziuviene_Ringailiene_Meskauskiene_Matulioniene-660x495.png 660w\" sizes=\"(max-width: 462px) 100vw, 462px\" \/><\/p>\n<hr \/>\n<p>The<span style=\"font-weight: 400\"> Helsinki Team ran a workshop on mediation at the 29th Communication Skills Workshop, which was held online on 9 April 2021. The theme of the CSW was \u201cMotivation and Engagement in Language Teaching and Learning\u201d, and their workshop was entitled \u201cMaking mediation more visible in language teaching\u201d. The authors were Roy Siddall, Mika Arom\u00e4ki, Gr\u00e1inne Hiney, Tuula Lehtonen, Kari Pitk\u00e4nen, Nina Wallden, Cintia Widmann Etchemaite. In this workshop, they considered how some common tasks in language courses, such as summarising a text in writing, could be introduced to students in an engaging way as mediation activities that bear relevance to real-life communication. In addition, they explored ways for students to peer or self-evaluate the effectiveness of their mediation and understand what is important for effective mediation, so that they can become aware of individual strengths and weaknesses or development needs as mediators. By raising awareness among students of what mediation is and why it is relevant, language teachers could increase motivation towards and engagement with mediation-related activities.<\/span><\/p>\n<p><a href=\"http:\/\/millat.uw.edu.pl\/wp-content\/uploads\/sites\/396\/2021\/05\/UH-MiLLaT-presentation-for-CSW-2021.pptx_.pdf\" target=\"_blank\" rel=\"noopener\">Making mediation more visible in language teaching | presentation | pdf<\/a><\/p>\n<hr \/>\n<h3><img loading=\"lazy\" class=\"size-full wp-image-533 aligncenter\" src=\"http:\/\/millat.uw.edu.pl\/wp-content\/uploads\/sites\/396\/2021\/04\/PLAKAT-ENGLISH-091024_1.jpg\" alt=\"\" width=\"724\" height=\"1024\" srcset=\"http:\/\/millat.uw.edu.pl\/wp-content\/uploads\/sites\/396\/2021\/04\/PLAKAT-ENGLISH-091024_1.jpg 724w, http:\/\/millat.uw.edu.pl\/wp-content\/uploads\/sites\/396\/2021\/04\/PLAKAT-ENGLISH-091024_1-212x300.jpg 212w, http:\/\/millat.uw.edu.pl\/wp-content\/uploads\/sites\/396\/2021\/04\/PLAKAT-ENGLISH-091024_1-660x933.jpg 660w\" sizes=\"(max-width: 724px) 100vw, 724px\" \/><\/h3>\n<hr \/>\n<h3 style=\"text-align: center\"><b>MiLLaT Webinar\u00a0<\/b><\/h3>\n<h3 style=\"text-align: center\"><b><i>Mediation in Language Learning\u00a0<\/i><\/b><b><i>and Teaching<\/i><\/b><\/h3>\n<p><a href=\"http:\/\/millat.uw.edu.pl\/wp-content\/uploads\/sites\/396\/2020\/12\/Zrzut-ekranu-2020-12-11-161739.png\"><img loading=\"lazy\" class=\" wp-image-456 aligncenter\" src=\"http:\/\/millat.uw.edu.pl\/wp-content\/uploads\/sites\/396\/2020\/12\/Zrzut-ekranu-2020-12-11-161739-300x103.png\" alt=\"\" width=\"536\" height=\"184\" srcset=\"http:\/\/millat.uw.edu.pl\/wp-content\/uploads\/sites\/396\/2020\/12\/Zrzut-ekranu-2020-12-11-161739-300x103.png 300w, http:\/\/millat.uw.edu.pl\/wp-content\/uploads\/sites\/396\/2020\/12\/Zrzut-ekranu-2020-12-11-161739-768x263.png 768w, http:\/\/millat.uw.edu.pl\/wp-content\/uploads\/sites\/396\/2020\/12\/Zrzut-ekranu-2020-12-11-161739-1024x350.png 1024w, http:\/\/millat.uw.edu.pl\/wp-content\/uploads\/sites\/396\/2020\/12\/Zrzut-ekranu-2020-12-11-161739-660x226.png 660w, http:\/\/millat.uw.edu.pl\/wp-content\/uploads\/sites\/396\/2020\/12\/Zrzut-ekranu-2020-12-11-161739.png 1382w\" sizes=\"(max-width: 536px) 100vw, 536px\" \/><\/a><\/p>\n<p><span style=\"font-weight: 400\">Webinars &#8222;Mediation in Language Learning and Teaching&#8221;, organised by Vytautas Magnus University, Lithuania, were held on the 8-9th of December 2020. The two-day event was targeted at higher and secondary education teachers. Its main objective was to provide training on innovative mediation activities or strategies and disseminate the intellectual outputs of the MiLLat project. About 70 teachers and university lecturers from Poland, the Czech Republic, Finland, Greece, Lithuania, Latvia and Estonia participated in the event which was organised online. Among the webinar participants, there were teachers from secondary schools, gymnasiums, state colleges and universities.\u00a0<\/span><\/p>\n<p><span style=\"font-weight: 400\">On the 8<\/span><span style=\"font-weight: 400\">th<\/span><span style=\"font-weight: 400\"> of December, an honourable guest and the moderator of the webinar, Enrica Piccardo, professor of Applied Linguistics and Language Education at University of Toronto, Canada, delivered a webinar titled \u201cThe new CEFR descriptors for mediation and the dynamic nature of language learning: from the conceptualization to the class\u201d. Enrica Piccardo has extensive experience in language education research, teacher development and teaching of multiple languages. She is also the co-author of the Common European Framework of Reference for Languages, Companion Volume, which introduces the new descriptors for mediation in language education. Daiva Pundziuviene, chair of EFL department at Vytautas Magnus University, Lithuania, presented a short overview of the intellectual outputs of the MiLLat project.<\/span><\/p>\n<p><span style=\"font-weight: 400\">On the 9<\/span><span style=\"font-weight: 400\">th<\/span><span style=\"font-weight: 400\"> of December, Kris Peters, professor and chair of the Department of Translation and Interpreting at the University of Antwerp, Belgium, and executive board member of the European Language Council, delivered a presentation titled \u201cThe place and importance of mediation in language teaching and learning\u201d. After the presentation, the participants were actively engaged in the webinar delivered by Robert King, who teaches at the University of Birmingham and is a Senior Content Developer for Pearson ELT. The webinar participants mutually agreed that mediation can bring more empathy, tolerance and flexibility to the classroom and help students\u2019 develop their socio-emotional and communication skills. The takeaway message of the webinars was that a language teacher does not only develop language learners\u2019 linguistic competence but also teaches them to respect human values and be less self-centred.\u00a0<\/span><\/p>\n<p><a href=\"http:\/\/millat.uw.edu.pl\/wp-content\/uploads\/sites\/396\/2020\/12\/Zrzut-ekranu-2020-12-11-161808.png\"><img loading=\"lazy\" class=\"wp-image-457 aligncenter\" src=\"http:\/\/millat.uw.edu.pl\/wp-content\/uploads\/sites\/396\/2020\/12\/Zrzut-ekranu-2020-12-11-161808-300x201.png\" alt=\"\" width=\"434\" height=\"291\" srcset=\"http:\/\/millat.uw.edu.pl\/wp-content\/uploads\/sites\/396\/2020\/12\/Zrzut-ekranu-2020-12-11-161808-300x201.png 300w, http:\/\/millat.uw.edu.pl\/wp-content\/uploads\/sites\/396\/2020\/12\/Zrzut-ekranu-2020-12-11-161808-768x513.png 768w, http:\/\/millat.uw.edu.pl\/wp-content\/uploads\/sites\/396\/2020\/12\/Zrzut-ekranu-2020-12-11-161808-1024x684.png 1024w, http:\/\/millat.uw.edu.pl\/wp-content\/uploads\/sites\/396\/2020\/12\/Zrzut-ekranu-2020-12-11-161808-660x441.png 660w, http:\/\/millat.uw.edu.pl\/wp-content\/uploads\/sites\/396\/2020\/12\/Zrzut-ekranu-2020-12-11-161808.png 1384w\" sizes=\"(max-width: 434px) 100vw, 434px\" \/><\/a><\/p>\n<p><b>More about MiLLat webinars:<\/b><span style=\"font-weight: 400\">\u00a0 <\/span><a href=\"https:\/\/sites.google.com\/view\/millatseminar\/home\" target=\"_blank\" rel=\"noopener noreferrer\">uki.vdu.lt\/seminaras<\/a><\/p>\n<p><b>About MiLLat webinars on Vytautas Magnus University website:\u00a0<\/b><\/p>\n<ul>\n<li><a href=\"https:\/\/www.vdu.lt\/lt\/uki-kviecia-dalyvauti-seminaruose-apie-mediacija-mokant-is-kalbu\/\"><i><span style=\"font-weight: 400\">https:\/\/www.vdu.lt\/lt\/uki-kviecia-dalyvauti-seminaruose-apie-mediacija-mokant-is-kalbu\/<\/span><\/i><\/a><\/li>\n<\/ul>\n<p><b>About MiLLat webinars on VMU Institute of Foreign Languages website and social media:\u00a0<\/b><\/p>\n<ul>\n<li><a href=\"http:\/\/uki.vdu.lt\/uki-kviete-dalyvauti-seminaruose-apie-mediacija-mokant-is-kalbu\/\" target=\"_blank\" rel=\"noopener noreferrer\"><i><span style=\"font-weight: 400\">http:\/\/uki.vdu.lt\/uki-kviete-dalyvauti-seminaruose-apie-mediacija-mokant-is-kalbu\/<\/span><\/i><\/a><\/li>\n<li><a href=\"https:\/\/www.facebook.com\/vdu.uki\" target=\"_blank\" rel=\"noopener noreferrer\"><i><span style=\"font-weight: 400\">https:\/\/www.facebook.com\/vdu.uki<\/span><\/i><\/a><\/li>\n<\/ul>\n<p class=\"nova-e-text nova-e-text--size-xl nova-e-text--family-sans-serif nova-e-text--spacing-none nova-e-text--color-grey-900 research-detail-header-section__title\"><strong>The Place and Importance of Mediation in Language Learning and Teaching<\/strong> (Online presentation at Vytautas Magnus University, Kaunas, Lithuania for the Erasmus+ funded project MiLLaT &#8211; Mediation in Language Learning and Teaching, Dec. 9 2020), Kris Peeters,\u00a0University of Antwerp | <a href=\"https:\/\/www.researchgate.net\/publication\/347422195_The_Place_and_Importance_of_Mediation_in_Language_Learning_and_Teaching\" target=\"_blank\" rel=\"noopener\">click here<\/a><\/p>\n<hr \/>\n<p><span style=\"font-weight: 400\">Call for papers!\u00a0<\/span><\/p>\n<p><strong>International Scientific Conference SUSTAINABLE MULTILINGUALISM 2021<\/strong><\/p>\n<p><span style=\"font-weight: 400\">The Institute of Foreign Languages of Vytautas Magnus University and Language Teachers\u2019\u00a0<\/span><span style=\"font-weight: 400\">Association of Lithuania would like to invite you to the SUSTAINABLE MULTILINGUALISM 2021 conference, which will be held in Kaunas, Lithuania.\u00a0<\/span><\/p>\n<p><span style=\"font-weight: 400\">For more information visit: <\/span><a href=\"https:\/\/sites.google.com\/view\/sm2021\/home\"><span style=\"font-weight: 400\">sustainablemultilingualism.com<\/span><\/a><\/p>\n<hr \/>\n<p><i><span style=\"font-weight: 400\">Sustainable Multilingualism<\/span><\/i><span style=\"font-weight: 400\">, a biannual scientific journal, indexed in SCOPUS, published by project partners at Vytautas Magnus University, (Kaunas, Lithuania) and Sciendo <\/span><span style=\"font-weight: 400\">welcomes s<\/span><span style=\"font-weight: 400\">ubmissions of research articles on various aspects of language learning and teaching, including mediation. Submissions are open in various EU languages all year round.<\/span><\/p>\n<p><span style=\"font-weight: 400\">The journal of scientific papers aims at fostering sustainable multilingualism and multilculturalism by presenting research on the issues of language policy, preservation of minority and less widely taught languages, maintenance of linguistic rights, language ecology, pluralistic approach to languages, acquisition and development of plurilingual competence, interdisciplinary language-sensitive teaching, mediation, intercultural dialogue development and plurilingual didactics. The need to research multilingualism as an essential feature of the dynamic and coherent international community is urgent under contemporary conditions of socio-political climate.<\/span><\/p>\n<p><span style=\"font-weight: 400\">For more information visit: <\/span><a href=\"http:\/\/uki.vdu.lt\/sm\"><span style=\"font-weight: 400\">http:\/\/uki.vdu.lt\/sm<\/span><\/a><span style=\"font-weight: 400\">\u00a0<\/span><\/p>\n<hr \/>\n<p><strong><em>What is Mediation in Language Learning and Teaching and How Does It Manifest?<\/em><\/strong><\/p>\n<p>The MiLLaT poster was presented by Michaela Konarkowa and Sarka Kadlecova at Cercles Conference, Brno, <strong>September 10, 2020<\/strong>.<\/p>\n<p><img loading=\"lazy\" class=\"aligncenter wp-image-401 size-medium\" src=\"http:\/\/millat.uw.edu.pl\/wp-content\/uploads\/sites\/396\/2020\/11\/presentation-300x225.png\" alt=\"Photo: Members of MiLLaT presenting the poster\" width=\"300\" height=\"225\" srcset=\"http:\/\/millat.uw.edu.pl\/wp-content\/uploads\/sites\/396\/2020\/11\/presentation-300x225.png 300w, http:\/\/millat.uw.edu.pl\/wp-content\/uploads\/sites\/396\/2020\/11\/presentation-768x576.png 768w, http:\/\/millat.uw.edu.pl\/wp-content\/uploads\/sites\/396\/2020\/11\/presentation-1024x768.png 1024w, http:\/\/millat.uw.edu.pl\/wp-content\/uploads\/sites\/396\/2020\/11\/presentation-660x495.png 660w, http:\/\/millat.uw.edu.pl\/wp-content\/uploads\/sites\/396\/2020\/11\/presentation.png 1280w\" sizes=\"(max-width: 300px) 100vw, 300px\" \/><\/p>\n<p>The Czech partner disseminated the MiLLaT Project internationally via publishing and presenting MiLLaT poster during the Cercles Conference in Brno in September 2020. The target group included the colleagues from Czechia, Slovakia as well as representatives of foreign language centres in Fribourg i. e. educators working at all levels.<\/p>\n<p><a href=\"http:\/\/www.cercles.org\/EN-H39\/cercles-in-brief.html\" target=\"_blank\" rel=\"noopener noreferrer\">Cercles<\/a> brings together 350 Language Centres, Departments, Institutes, Faculties or Schools in Higher Education whose main responsibility is the teaching of languages, which makes it an ideal target audience for our project.<\/p>\n<ul>\n<li>You can read the abstract of the poster <a href=\"http:\/\/cercles2020.cjv.muni.cz\/abstract\/michaela-konarkova-sarka-kadlecova\" target=\"_blank\" rel=\"noopener noreferrer\">here<\/a><\/li>\n<li>The poster is available <a href=\"http:\/\/millat.uw.edu.pl\/wp-content\/uploads\/sites\/396\/2020\/11\/Mediation-in-Language-Learning-and-Teaching_Poster_Cercles2020-1.pdf\" target=\"_blank\" rel=\"noopener noreferrer\">here<\/a><\/li>\n<\/ul>\n","protected":false},"excerpt":{"rendered":"<p>The MiLLaT Conference \u2018Mediation in Language Learning and Teaching\u2019 Programme is ready! (PDF PL | PDF EN) Our conference will be held under the honorary patronage of the Polish Association of Modern Languages (PTN). Additionally, the conference will be held under the honorary patronage of the European Language Council. The Lithuanian MiLLat team delivered a\u2026 <span class=\"read-more\"><a href=\"http:\/\/millat.uw.edu.pl\/pl\/\">Czytaj dalej &raquo;<\/a><\/span><\/p>\n","protected":false},"author":489,"featured_media":0,"parent":0,"menu_order":0,"comment_status":"closed","ping_status":"closed","template":"","meta":{"_mi_skip_tracking":false,"_links_to":"","_links_to_target":""},"acf":[],"_links":{"self":[{"href":"http:\/\/millat.uw.edu.pl\/pl\/wp-json\/wp\/v2\/pages\/158"}],"collection":[{"href":"http:\/\/millat.uw.edu.pl\/pl\/wp-json\/wp\/v2\/pages"}],"about":[{"href":"http:\/\/millat.uw.edu.pl\/pl\/wp-json\/wp\/v2\/types\/page"}],"author":[{"embeddable":true,"href":"http:\/\/millat.uw.edu.pl\/pl\/wp-json\/wp\/v2\/users\/489"}],"replies":[{"embeddable":true,"href":"http:\/\/millat.uw.edu.pl\/pl\/wp-json\/wp\/v2\/comments?post=158"}],"version-history":[{"count":36,"href":"http:\/\/millat.uw.edu.pl\/pl\/wp-json\/wp\/v2\/pages\/158\/revisions"}],"predecessor-version":[{"id":800,"href":"http:\/\/millat.uw.edu.pl\/pl\/wp-json\/wp\/v2\/pages\/158\/revisions\/800"}],"wp:attachment":[{"href":"http:\/\/millat.uw.edu.pl\/pl\/wp-json\/wp\/v2\/media?parent=158"}],"curies":[{"name":"wp","href":"https:\/\/api.w.org\/{rel}","templated":true}]}}