{"id":123,"date":"2020-02-25T23:26:11","date_gmt":"2020-02-25T22:26:11","guid":{"rendered":"http:\/\/millat.uw.edu.pl\/?page_id=123"},"modified":"2021-10-15T22:52:59","modified_gmt":"2021-10-15T20:52:59","slug":"polski-partnerzy","status":"publish","type":"page","link":"http:\/\/millat.uw.edu.pl\/pl\/polski-partnerzy\/","title":{"rendered":"Partnerzy"},"content":{"rendered":"<img loading=\"lazy\" class=\"alignnone size-medium wp-image-106\" src=\"http:\/\/millat.uw.edu.pl\/wp-content\/uploads\/sites\/396\/2019\/11\/erasmus-300x62.jpg\" alt=\"\" width=\"300\" height=\"62\" srcset=\"http:\/\/millat.uw.edu.pl\/wp-content\/uploads\/sites\/396\/2019\/11\/erasmus-300x62.jpg 300w, http:\/\/millat.uw.edu.pl\/wp-content\/uploads\/sites\/396\/2019\/11\/erasmus-768x158.jpg 768w, http:\/\/millat.uw.edu.pl\/wp-content\/uploads\/sites\/396\/2019\/11\/erasmus-1024x210.jpg 1024w, http:\/\/millat.uw.edu.pl\/wp-content\/uploads\/sites\/396\/2019\/11\/erasmus-660x135.jpg 660w\" sizes=\"(max-width: 300px) 100vw, 300px\" \/><\/p>\n<p><span style=\"font-weight: 400\"><strong>Uniwersytet Warszawski<\/strong> powsta\u0142 w 1816 roku pod nazw\u0105 Kr\u00f3lewski Uniwersytet Warszawski. To najwi\u0119ksza, najlepsza i jedna z najstarszych szk\u00f3\u0142 wy\u017cszych w Polsce, a jednocze\u015bnie najd\u0142u\u017cej dzia\u0142aj\u0105ca uczelnia w stolicy. Obecnie na studiach licencjackich i magisterskich studiuje oko\u0142o 42,5 tysi\u0119cy os\u00f3b, a na studiach doktoranckich kszta\u0142ci si\u0119 dalsze 2,9 tysi\u0119cy doktorant\u00f3w, w tym 287 cudzoziemc\u00f3w. Uczelnia zatrudnia 7300 pracownik\u00f3w, w tym 3,7 tys. nauczycieli akademickich, co czyni j\u0105 jednym z najwi\u0119kszych pracodawc\u00f3w w regionie. Pod wzgl\u0119dem liczby pracownik\u00f3w wyprzedza wi\u0119kszo\u015b\u0107 korporacji znajduj\u0105cych si\u0119 w zestawieniu najwi\u0119kszych firm w Polsce magazynu \u201eForbes\u201d. W\u015br\u00f3d student\u00f3w uczelni oko\u0142o 6,6% stanowi\u0105 cudzoziemcy, kt\u00f3rzy najcz\u0119\u015bciej wybieraj\u0105 kierunki: stosunki mi\u0119dzynarodowe, finanse i\u00a0rachunkowo\u015b\u0107, zarz\u0105dzanie, dziennikarstwo, psychologia, ekonomia, prawo, studia nad s\u0142owia\u0144szczyzn\u0105 wschodni\u0105, filologia angielska, europeistyka, lingwistyka stosowana, studia wschodnie, filologia polska, Humanitarian Action.<\/span><\/p>\n<p><span style=\"font-weight: 400\">Z uniwersytetem wsp\u00f3\u0142pracuje 1000 partner\u00f3w zagranicznych. Jest w\u015br\u00f3d nich 531 instytucji, kt\u00f3re podpisa\u0142y z UW umow\u0119 o bezpo\u015bredniej wsp\u00f3\u0142pracy. Szczeg\u00f3lnie dynamicznie rozwijaj\u0105 si\u0119 kontakty UW z uczelniami spoza Unii Europejskiej, w szczeg\u00f3lno\u015bci z pa\u0144stw azjatyckich oraz Rosji, Brazylii, Azerbejd\u017canu. Wraz z 6 innymi uniwersytetami badawczymi (Uniwersytetem Karola (Czechy), Uniwersytetem w Heidelbergu (Niemcy), Uniwersytetem Sorbo\u0144skim (Sorbonne Universit\u00e9, Francja), Uniwersytetem w Kopenhadze (Dania), Uniwersytetem w Mediolanie (W\u0142ochy)\u00a0<\/span><span style=\"font-weight: 400\">UW tworzy sojusz 4EU+. Na uczelni funkcjonuje obecnie 21 wydzia\u0142\u00f3w, a \u017cycie uniwersyteckie toczy si\u0119 w 3 kampusach, po\u0142o\u017conych w r\u00f3\u017cnych cz\u0119\u015bciach Warszawy.<\/span><\/p>\n<p><span style=\"font-weight: 400\">Szko\u0142a J\u0119zyk\u00f3w Obcych jest jednostk\u0105 og\u00f3lnouczelnian\u0105 i najwi\u0119ksz\u0105 jednostka prowadz\u0105c\u0105 lektoraty (JPL) w ramach USNJO (Uniwersyteckiego Systemu Nauczania J\u0119zyk\u00f3w Obcych)<\/span><\/p>\n<p><span style=\"font-weight: 400\">Sk\u0142ada si\u0119 z 4 zespo\u0142\u00f3w j\u0119zykowych (Zesp\u00f3\u0142 J\u0119zyka Angielskiego, Zesp\u00f3\u0142 J\u0119zyka Niemieckiego,\u00a0Zesp\u00f3\u0142 J\u0119zyk\u00f3w Roma\u0144skich, Zesp\u00f3\u0142 J\u0119zyka Rosyjskiego). Do zada\u0144 jednostki, opr\u00f3cz kszta\u0142cenia j\u0119zykowego, nale\u017cy promowanie wieloj\u0119zyczno\u015bci i wielokulturowo\u015bci.<\/span><\/p>\n<p><span style=\"font-weight: 400\">Szko\u0142a J\u0119zyk\u00f3w Obcych ma 60-letnie do\u015bwiadczenie w nauczaniu j\u0119zyk\u00f3w obcych. Nauczyciele j\u0119zyka s\u0105 regularnie szkoleni i podnosz\u0105 swoje kwalifikacje, uczestnicz\u0105c w programach wymiany Erasmus +, konferencjach naukowych i metodycznych. SzJO odgrywa kluczow\u0105 rol\u0119 w systemie kszta\u0142cenia j\u0119zykowego na Uniwersytecie Warszawskim, nagrodzonym European Language Label za najbardziej innowacyjny projekt w zakresie nauczania i uczenia si\u0119 j\u0119zyk\u00f3w przez Komisj\u0119 Europejsk\u0105.<\/span><\/p>\n<p><span style=\"font-weight: 400\">Jednym z g\u0142\u00f3wnych priorytet\u00f3w szko\u0142y jest utrzymanie najwy\u017cszej jako\u015bci nauczania j\u0119zyk\u00f3w. Szko\u0142a aktywnie anga\u017cuje si\u0119 w projekty mi\u0119dzynarodowe, czego przyk\u0142adem jest projekt partnerstwa strategicznego Erasmus + FAB (Formative Assessment Benchmarking), kt\u00f3rego by\u0142a pomys\u0142odawc\u0105 i koordynatorem. Do\u015bwiadczenie zdobyte podczas tego projektu z pewno\u015bci\u0105 przyczyni si\u0119 do zapewnienia skutecznej koordynacji projektu MiLLaT, kt\u00f3rego SzJO jest pomys\u0142odawc\u0105 i koordynatorem.<\/span><\/p>\n<p><span style=\"font-weight: 400\">Uczestnicy:<\/span><\/p>\n<ul>\n<li><span style=\"font-weight: 400\">dr Ma\u0142gorzata \u015awierk \u2013 koordynator projektu<\/span><\/li>\n<li><span style=\"font-weight: 400\">dr Sylwia Kossakowska \u2013 Pisarek \u2013 koordynator merytoryczny<\/span><\/li>\n<li><span style=\"font-weight: 400\">dr Andrzej D\u0105browski \u2013 dyrektor Szko\u0142y J\u0119zyk\u00f3w Obcych<\/span><\/li>\n<li><span style=\"font-weight: 400\">dr Ekaterina Bunina-Bre\u015b<\/span><\/li>\n<li><span style=\"font-weight: 400\">dr El\u017cbieta Grzyb<\/span><\/li>\n<li><span style=\"font-weight: 400\">Iwona Bartnicka<\/span><\/li>\n<li><span style=\"font-weight: 400\">Bartosz Jurczak<\/span><\/li>\n<li><span style=\"font-weight: 400\">Katarzyna Kopij<\/span><\/li>\n<li><span style=\"font-weight: 400\">Anna \u0141\u0119towska-Mickiewicz<\/span><\/li>\n<li><span style=\"font-weight: 400\">Ma\u0142gorzata Maras<\/span><\/li>\n<li><span style=\"font-weight: 400\">Urszula Wilk<\/span><\/li>\n<li><span style=\"font-weight: 400\">Marzena Zykubek<\/span><\/li>\n<\/ul>\n<hr \/>\n<p><span style=\"font-weight: 400\"><strong>Uniwersytet Helsi\u0144ski<\/strong>, mi\u0119dzynarodowa spo\u0142eczno\u015b\u0107 naukowa licz\u0105ca 40 000 student\u00f3w i badaczy, jest najstarsz\u0105 i najwi\u0119ksz\u0105 instytucj\u0105 szkolnictwa wy\u017cszego w Finlandii. Dzi\u0119ki sile nauki uniwersytet wnosi wk\u0142ad w spo\u0142ecze\u0144stwo, edukacj\u0119 i korzystne warunki \u017cycia od 1640 r. Uniwersytet Helsi\u0144ski jest jedynym uniwersytetem w Finlandii, kt\u00f3ry konsekwentnie znajduje si\u0119 w pierwszej setce w mi\u0119dzynarodowych rankingach uniwersytet\u00f3w, a tak\u017ce jest jedn\u0105 z najlepszych na \u015bwiecie uczelni prowadz\u0105cych badania wielodyscyplinarne. Uniwersytet Helsi\u0144ski poszukuje rozwi\u0105za\u0144 dla globalnych wyzwa\u0144 i stwarza nowe sposoby my\u015blenia dla dobra ludzko\u015bci.<\/span><\/p>\n<p><span style=\"font-weight: 400\">Uniwersytet Helsi\u0144ski zatrudnia oko\u0142o 7600 os\u00f3b, z kt\u00f3rych 60% to nauczyciele i badacze. Wysokiej jako\u015bci badania przeprowadzone przez uniwersytet tworz\u0105 now\u0105 wiedz\u0119 w celu edukacji specjalist\u00f3w z wielu dziedzin oraz w celu wykorzystania jej przy podejmowaniu decyzji spo\u0142ecznych i biznesowych. W 2017 r. naukowcy z Uniwersytetu Helsi\u0144skiego opracowali 11 446 publikacji. Po\u0142owa recenzowanych publikacji naukowych powstaje w wyniku wsp\u00f3\u0142pracy mi\u0119dzynarodowej.<\/span><\/p>\n<p><span style=\"font-weight: 400\">Uniwersytet Helsi\u0144ski nale\u017cy do kilku mi\u0119dzynarodowych sieci. Jest to jedyny fi\u0144ski uniwersytet, kt\u00f3ry jest cz\u0142onkiem Ligi Europejskich Uniwersytet\u00f3w Badawczych (LERU), stowarzyszenia 23 wiod\u0105cych europejskich uniwersytet\u00f3w wspieraj\u0105cego warunki i mo\u017cliwo\u015bci prowadzenia bada\u0144 podstawowych w Europie. Od pocz\u0105tku obecnego okresu Erasmus + Uniwersytet Helsi\u0144ski uczestniczy\u0142 w ponad czterdziestu projektach Erasmus + Key Action 2.<\/span><\/p>\n<p><span style=\"font-weight: 400\">Centrum J\u0119zykowe Uniwersytetu Helsi\u0144skiego organizuje kursy j\u0119zykowe wymagane do otrzymania dyplomu studi\u00f3w wy\u017cszych na jedenastu wydzia\u0142ach Uniwersytetu, jak r\u00f3wnie\u017c kursy odpowiadaj\u0105ce innym potrzebom j\u0119zykowym spo\u0142eczno\u015bci uniwersyteckiej. Centrum J\u0119zykowe sk\u0142ada si\u0119 z o\u015bmiu jednostek, opr\u00f3cz Jednostki Wsparcia Nauczania i Uczenia si\u0119 oraz Jednostki Us\u0142ug J\u0119zykowych. Centrum J\u0119zykowe zatrudnia oko\u0142o 150 pracownik\u00f3w, w tym 65 nauczycieli etatowych i 21 pracownik\u00f3w nieb\u0119d\u0105cych nauczycielami akademickimi. Zesp\u00f3\u0142 J\u0119zyka Angielskiego liczy\u00a0 ponad 20 pe\u0142noetatowych nauczycieli, kt\u00f3rzy specjalizuj\u0105 si\u0119 w nauczaniu akademickich i zawodowych umiej\u0119tno\u015bci komunikacyjnych. Zesp\u00f3\u0142 ma znaczne do\u015bwiadczenie w dzia\u0142aniach zwi\u0105zanych z mediacj\u0105 w nauczaniu, co przyniesie korzy\u015bci w projekcie.<\/span><\/p>\n<p><span style=\"font-weight: 400\">Uczestnicy:<\/span><\/p>\n<ul>\n<li style=\"font-weight: 400\">Dr\u00a0 Roy Siddall<\/li>\n<li style=\"font-weight: 400\">Dr\u00a0 Kari Pitk\u00e4nen<\/li>\n<li style=\"font-weight: 400\">Mika Arom\u00e4ki<\/li>\n<li style=\"font-weight: 400\">Grainne Hiney<\/li>\n<li style=\"font-weight: 400\">Dr Tuula Lehtonen<\/li>\n<li style=\"font-weight: 400\">Anna Mutanen<\/li>\n<li style=\"font-weight: 400\">Kirby Vincent<\/li>\n<li style=\"font-weight: 400\">Nina Wallden<\/li>\n<li style=\"font-weight: 400\">Cintia Widmann Etchemaite<\/li>\n<\/ul>\n<hr \/>\n<p><span style=\"font-weight: 400\"><strong>Uniwersytet Witolda Wielkiego<\/strong> (VDU) jest instytucj\u0105\u00a0 publiczn\u0105 zaanga\u017cowan\u0105 w edukacj\u0119 na poziomie uniwersyteckim, badania naukowe oraz rozw\u00f3j bada\u0144 stosowanych i dzia\u0142a\u0144 artystycznych. Zosta\u0142 za\u0142o\u017cony w 1922 r.\u00a0 i ponownie otwarty w 1989 r. Uniwersytet Witolda Wielkiego wraz z oko\u0142o 7000 studentami studi\u00f3w licencjackich i 2000 studentami studi\u00f3w magisterskich, jest jedn\u0105 z najnowocze\u015bniejszych instytucji akademickich na Litwie i odgrywa wiod\u0105c\u0105 rol\u0119 nie tylko na Litwie, ale tak\u017ce w ca\u0142ym ba\u0142tyckim i europejskim obszarze intelektualnym i kulturowym.<\/span><\/p>\n<p><span style=\"font-weight: 400\">Opr\u00f3cz 26 program\u00f3w studi\u00f3w licencjackich i magisterskich w j\u0119zyku angielskim VDU oferuje ponad 100 innych program\u00f3w studi\u00f3w, a tak\u017ce jednolite studia prawnicze oraz studia podyplomowe i doktoranckie. Uczelnia oferuje studia doktoranckie w 18 r\u00f3\u017cnych dziedzinach nauk humanistycznych, spo\u0142ecznych, fizycznych i biomedycznych. VDU wsp\u00f3\u0142pracuje z 370 uniwersytetami na ca\u0142ym \u015bwiecie i jest cz\u0142onkiem najwa\u017cniejszych europejskich stowarzysze\u0144 i organizacji mi\u0119dzynarodowych szkolnictwa wy\u017cszego i bada\u0144. VDU dysponuje ponad 120 dwustronnymi umowami o wsp\u00f3\u0142pracy z uniwersytetami w 40 krajach w Europie, Azji, Ameryce Po\u0142udniowej i P\u00f3\u0142nocnej.<\/span><\/p>\n<p><span style=\"font-weight: 400\">Instytut J\u0119zyk\u00f3w Obcych na Uniwersytecie Witolda Wielkiego kultywuje ducha wieloj\u0119zyczno\u015bci i wielokulturowo\u015bci, oferuj\u0105c mo\u017cliwo\u015b\u0107 nauki oko\u0142o 30 j\u0119zyk\u00f3w i przyjmuj\u0105c rocznie ponad 3000 student\u00f3w uniwersytetu i s\u0142uchaczy zewn\u0119trznych. W VDU panuje przekonanie, \u017ce dobra znajomo\u015b\u0107 kilku j\u0119zyk\u00f3w obcych stanowi nieodzown\u0105 cz\u0119\u015b\u0107 edukacji uniwersyteckiej. W ten spos\u00f3b studenci VDU wzbogacaj\u0105 swoj\u0105 edukacj\u0119 o wieloj\u0119zyczne kompetencje &#8211; unikaln\u0105, indywidualnie ukszta\u0142towan\u0105 kombinacj\u0119 dw\u00f3ch-trzech-czterech lub wi\u0119cej j\u0119zyk\u00f3w &#8211; uzyskuj\u0105c przewag\u0119 konkurencyjn\u0105 na globalnym rynku pracy.<\/span><\/p>\n<p><span style=\"font-weight: 400\">Uczestnicy:<\/span><\/p>\n<ul>\n<li><span style=\"font-weight: 400\">prof. Vilma Bijeikien\u0117<\/span><\/li>\n<li><span style=\"font-weight: 400\">prof. dr. Nemira Ma\u010dianskien\u0117<\/span><\/li>\n<li><span style=\"font-weight: 400\">Almant\u0117 Me\u0161kauskien\u0117<\/span><\/li>\n<li>Vaida Misevi\u010di\u016bt\u0117<\/li>\n<li><span style=\"font-weight: 400\">Daiva Pundziuvien\u0117<\/span><\/li>\n<li>Teres\u0117 Ringailien\u0117<\/li>\n<li><span style=\"font-weight: 400\">Rima Sabaliauskien\u0117<\/span><\/li>\n<li><span style=\"font-weight: 400\">Jurgita \u0160erni\u016bt\u0117<\/span><\/li>\n<li>Lina Danut\u0117 Zutkien\u0117<\/li>\n<\/ul>\n<hr \/>\n<p><span style=\"font-weight: 400\"><strong>Uniwersytet Karola<\/strong> zosta\u0142 za\u0142o\u017cony w 1348 roku, co czyni go jednym z najstarszych uniwersytet\u00f3w na \u015bwiecie. Jednak jest r\u00f3wnie\u017c znany jako nowoczesna, dynamiczna, kosmopolityczna i presti\u017cowa instytucja szkolnictwa wy\u017cszego. Jest to najwi\u0119kszy i najbardziej znany czeski uniwersytet, a tak\u017ce najlepiej oceniana czeska uczelnia wed\u0142ug mi\u0119dzynarodowych ranking\u00f3w. Sk\u0142ada si\u0119 obecnie z 17 wydzia\u0142\u00f3w oraz 3 instytut\u00f3w, 6 o\u015brodk\u00f3w nauczania, bada\u0144, rozwoju i innych dzia\u0142a\u0144 tw\u00f3rczych.<\/span><\/p>\n<p><img loading=\"lazy\" class=\"wp-image-242 aligncenter\" src=\"http:\/\/millat.uw.edu.pl\/wp-content\/uploads\/sites\/396\/2020\/05\/2020-05-26-4-300x296.png\" alt=\"\" width=\"226\" height=\"223\" srcset=\"http:\/\/millat.uw.edu.pl\/wp-content\/uploads\/sites\/396\/2020\/05\/2020-05-26-4-300x296.png 300w, http:\/\/millat.uw.edu.pl\/wp-content\/uploads\/sites\/396\/2020\/05\/2020-05-26-4-768x757.png 768w, http:\/\/millat.uw.edu.pl\/wp-content\/uploads\/sites\/396\/2020\/05\/2020-05-26-4-660x651.png 660w, http:\/\/millat.uw.edu.pl\/wp-content\/uploads\/sites\/396\/2020\/05\/2020-05-26-4.png 837w\" sizes=\"(max-width: 226px) 100vw, 226px\" \/><\/p>\n<p><span style=\"font-weight: 400\">Uniwersytet Karola liczy ponad 53 000 student\u00f3w, oko\u0142o jedn\u0105 sz\u00f3st\u0105 wszystkich student\u00f3w w Czechach \u2013 zapisanych na ponad 300 akredytowanych program\u00f3w studi\u00f3w, kt\u00f3re oferuj\u0105 ponad 642 r\u00f3\u017cne kursy. Uniwersytet ma ponad 7 000 student\u00f3w z innych kraj\u00f3w. Ka\u017cdego roku prawie 9 000 student\u00f3w ko\u0144czy studia; absolwenci Uniwersytetu Karola ciesz\u0105 si\u0119 jednym z najwy\u017cszych wska\u017anik\u00f3w zatrudnienia w ka\u017cdym segmencie ludno\u015bci w Czechach.<\/span><\/p>\n<p><span style=\"font-weight: 400\">Uniwersytet Karola wsp\u00f3\u0142pracuje z szerokim spektrum renomowanych uniwersytet\u00f3w z ca\u0142ego \u015bwiata, a jednym z jego priorytet\u00f3w jest umo\u017cliwienie ka\u017cdemu z jego student\u00f3w zainteresowanych studiowaniem za granic\u0105 sp\u0119dzenia czasu w innym kraju. Komisja Europejska plasuje Uniwersytet Karola w\u015br\u00f3d wiod\u0105cych uniwersytet\u00f3w w Europie pod wzgl\u0119dem liczby wyje\u017cd\u017caj\u0105cych i przyje\u017cd\u017caj\u0105cych student\u00f3w i nauczycieli w ramach programu Erasmus+.<\/span><\/p>\n<p><img loading=\"lazy\" class=\"wp-image-243 aligncenter\" src=\"http:\/\/millat.uw.edu.pl\/wp-content\/uploads\/sites\/396\/2020\/05\/2020-05-26-5-300x98.png\" alt=\"\" width=\"205\" height=\"67\" srcset=\"http:\/\/millat.uw.edu.pl\/wp-content\/uploads\/sites\/396\/2020\/05\/2020-05-26-5-300x98.png 300w, http:\/\/millat.uw.edu.pl\/wp-content\/uploads\/sites\/396\/2020\/05\/2020-05-26-5-660x215.png 660w, http:\/\/millat.uw.edu.pl\/wp-content\/uploads\/sites\/396\/2020\/05\/2020-05-26-5.png 706w\" sizes=\"(max-width: 205px) 100vw, 205px\" \/><\/p>\n<p><span style=\"font-weight: 400\"><strong>Wydzia\u0142 Nauk Humanistycznych<\/strong> jest wiod\u0105cym g\u0142osem czeskiej humanistyki. Liczy ponad 7 000 student\u00f3w, prawie 700 profesor\u00f3w i wyk\u0142adowc\u00f3w, 46 wydzia\u0142\u00f3w i ponad 100 program\u00f3w studi\u00f3w.<\/span><\/p>\n<p><img loading=\"lazy\" class=\"wp-image-244 aligncenter\" src=\"http:\/\/millat.uw.edu.pl\/wp-content\/uploads\/sites\/396\/2020\/05\/2020-05-26-6-300x166.png\" alt=\"\" width=\"236\" height=\"131\" srcset=\"http:\/\/millat.uw.edu.pl\/wp-content\/uploads\/sites\/396\/2020\/05\/2020-05-26-6-300x166.png 300w, http:\/\/millat.uw.edu.pl\/wp-content\/uploads\/sites\/396\/2020\/05\/2020-05-26-6-660x366.png 660w, http:\/\/millat.uw.edu.pl\/wp-content\/uploads\/sites\/396\/2020\/05\/2020-05-26-6.png 680w\" sizes=\"(max-width: 236px) 100vw, 236px\" \/><\/p>\n<p><img loading=\"lazy\" class=\" wp-image-245 aligncenter\" src=\"http:\/\/millat.uw.edu.pl\/wp-content\/uploads\/sites\/396\/2020\/05\/2020-05-26-7-300x199.png\" alt=\"\" width=\"231\" height=\"153\" srcset=\"http:\/\/millat.uw.edu.pl\/wp-content\/uploads\/sites\/396\/2020\/05\/2020-05-26-7-300x199.png 300w, http:\/\/millat.uw.edu.pl\/wp-content\/uploads\/sites\/396\/2020\/05\/2020-05-26-7-768x508.png 768w, http:\/\/millat.uw.edu.pl\/wp-content\/uploads\/sites\/396\/2020\/05\/2020-05-26-7-660x437.png 660w, http:\/\/millat.uw.edu.pl\/wp-content\/uploads\/sites\/396\/2020\/05\/2020-05-26-7.png 994w\" sizes=\"(max-width: 231px) 100vw, 231px\" \/><\/p>\n<p><span style=\"font-weight: 400\"><strong>Centrum J\u0119zykowe Wydzia\u0142u Nauk Humanistycznych <\/strong>zatrudnia 22 nauczycieli w pe\u0142nym wymiarze godzin, oferuj\u0105c oko\u0142o 160 akademickich kurs\u00f3w j\u0119zykowych rocznie dla oko\u0142o 2400 student\u00f3w oraz\u00a0 wydaj\u0105c oko\u0142o 1100 za\u015bwiadcze\u0144 o znajomo\u015bci j\u0119zyka na poziomie B2, a od niedawna tak\u017ce testuj\u0105c sprawno\u015b\u0107 czytania tekst\u00f3w akademickich. Kursy s\u0105 otwarte (i bezp\u0142atne) dla student\u00f3w wszystkich wydzia\u0142\u00f3w Uniwersytetu Karola, doktorant\u00f3w i, co wa\u017cniejsze, oko\u0142o 150 student\u00f3w Erasmusa rocznie.<\/span><\/p>\n<p><span style=\"font-weight: 400\"><strong>Uczestnicy<\/strong>:<\/span><\/p>\n<p><img loading=\"lazy\" class=\"alignnone wp-image-238\" src=\"http:\/\/millat.uw.edu.pl\/wp-content\/uploads\/sites\/396\/2020\/05\/2020-05-26-300x223.png\" alt=\"\" width=\"136\" height=\"102\" srcset=\"http:\/\/millat.uw.edu.pl\/wp-content\/uploads\/sites\/396\/2020\/05\/2020-05-26-300x223.png 300w, http:\/\/millat.uw.edu.pl\/wp-content\/uploads\/sites\/396\/2020\/05\/2020-05-26.png 610w\" sizes=\"(max-width: 136px) 100vw, 136px\" \/> <span style=\"font-weight: 400\">Michaela Kon\u00e1rkov\u00e1<\/span><\/p>\n<p><img loading=\"lazy\" class=\"alignnone wp-image-239\" src=\"http:\/\/millat.uw.edu.pl\/wp-content\/uploads\/sites\/396\/2020\/05\/2020-05-26-1-224x300.png\" alt=\"\" width=\"91\" height=\"122\" srcset=\"http:\/\/millat.uw.edu.pl\/wp-content\/uploads\/sites\/396\/2020\/05\/2020-05-26-1-224x300.png 224w, http:\/\/millat.uw.edu.pl\/wp-content\/uploads\/sites\/396\/2020\/05\/2020-05-26-1.png 518w\" sizes=\"(max-width: 91px) 100vw, 91px\" \/> <span style=\"font-weight: 400\">\u0160\u00e1rka Kadlecov\u00e1<\/span><\/p>\n<p><img loading=\"lazy\" class=\"alignnone wp-image-240\" src=\"http:\/\/millat.uw.edu.pl\/wp-content\/uploads\/sites\/396\/2020\/05\/2020-05-26-2-290x300.png\" alt=\"\" width=\"111\" height=\"115\" srcset=\"http:\/\/millat.uw.edu.pl\/wp-content\/uploads\/sites\/396\/2020\/05\/2020-05-26-2-290x300.png 290w, http:\/\/millat.uw.edu.pl\/wp-content\/uploads\/sites\/396\/2020\/05\/2020-05-26-2.png 528w\" sizes=\"(max-width: 111px) 100vw, 111px\" \/> <span style=\"font-weight: 400\">dr Ladislava Dolanov\u00e1<\/span><\/p>\n<p><img loading=\"lazy\" class=\"alignnone wp-image-241\" src=\"http:\/\/millat.uw.edu.pl\/wp-content\/uploads\/sites\/396\/2020\/05\/2020-05-26-3-275x300.png\" alt=\"\" width=\"102\" height=\"111\" srcset=\"http:\/\/millat.uw.edu.pl\/wp-content\/uploads\/sites\/396\/2020\/05\/2020-05-26-3-275x300.png 275w, http:\/\/millat.uw.edu.pl\/wp-content\/uploads\/sites\/396\/2020\/05\/2020-05-26-3.png 467w\" sizes=\"(max-width: 102px) 100vw, 102px\" \/> <span style=\"font-weight: 400\">Mark\u00e9ta Doubravov\u00e1<\/span>","protected":false},"excerpt":{"rendered":"<p>Uniwersytet Warszawski powsta\u0142 w 1816 roku pod nazw\u0105 Kr\u00f3lewski Uniwersytet Warszawski. To najwi\u0119ksza, najlepsza i jedna z najstarszych szk\u00f3\u0142 wy\u017cszych w Polsce, a jednocze\u015bnie najd\u0142u\u017cej dzia\u0142aj\u0105ca uczelnia w stolicy. Obecnie na studiach licencjackich i magisterskich studiuje oko\u0142o 42,5 tysi\u0119cy os\u00f3b, a na studiach doktoranckich kszta\u0142ci si\u0119 dalsze 2,9 tysi\u0119cy doktorant\u00f3w, w tym 287 cudzoziemc\u00f3w. Uczelnia\u2026 <span class=\"read-more\"><a href=\"http:\/\/millat.uw.edu.pl\/pl\/polski-partnerzy\/\">Czytaj dalej &raquo;<\/a><\/span><\/p>\n","protected":false},"author":489,"featured_media":0,"parent":0,"menu_order":0,"comment_status":"closed","ping_status":"closed","template":"","meta":{"_mi_skip_tracking":false,"_links_to":"","_links_to_target":""},"acf":[],"_links":{"self":[{"href":"http:\/\/millat.uw.edu.pl\/pl\/wp-json\/wp\/v2\/pages\/123"}],"collection":[{"href":"http:\/\/millat.uw.edu.pl\/pl\/wp-json\/wp\/v2\/pages"}],"about":[{"href":"http:\/\/millat.uw.edu.pl\/pl\/wp-json\/wp\/v2\/types\/page"}],"author":[{"embeddable":true,"href":"http:\/\/millat.uw.edu.pl\/pl\/wp-json\/wp\/v2\/users\/489"}],"replies":[{"embeddable":true,"href":"http:\/\/millat.uw.edu.pl\/pl\/wp-json\/wp\/v2\/comments?post=123"}],"version-history":[{"count":28,"href":"http:\/\/millat.uw.edu.pl\/pl\/wp-json\/wp\/v2\/pages\/123\/revisions"}],"predecessor-version":[{"id":723,"href":"http:\/\/millat.uw.edu.pl\/pl\/wp-json\/wp\/v2\/pages\/123\/revisions\/723"}],"wp:attachment":[{"href":"http:\/\/millat.uw.edu.pl\/pl\/wp-json\/wp\/v2\/media?parent=123"}],"curies":[{"name":"wp","href":"https:\/\/api.w.org\/{rel}","templated":true}]}}